{"id":1452,"date":"2018-11-14T08:54:10","date_gmt":"2018-11-14T08:54:10","guid":{"rendered":"https:\/\/setec.testdemo.it\/vasca-carrellata\/"},"modified":"2022-03-19T10:31:29","modified_gmt":"2022-03-19T10:31:29","slug":"vasca-carrellata","status":"publish","type":"page","link":"https:\/\/www.setec-srl.com\/en\/vasca-carrellata\/","title":{"rendered":"Vasca carrellata"},"content":{"rendered":"\n  <div class=\"banner has-hover\" id=\"banner-1072470858\">\n          <div class=\"banner-inner fill\">\n        <div class=\"banner-bg fill\" >\n            <div class=\"bg fill bg-fill \"><\/div>\n                                    \n                    <\/div><!-- bg-layers -->\n        <div class=\"banner-layers container\">\n            <div class=\"fill banner-link\"><\/div>            \n   <div id=\"text-box-1654401403\" class=\"text-box banner-layer x0 md-x0 lg-x0 y15 md-y15 lg-y15 res-text\">\n                                <div class=\"text dark\">\n              \n              <div class=\"text-inner text-left\">\n                  \n<h3 class=\"uppercase\"><strong>Vasca carrellata<\/strong><\/h3>\n              <\/div>\n           <\/div><!-- text-box-inner -->\n                            \n<style scope=\"scope\">\n\n#text-box-1654401403 {\n  width: 60%;\n}\n#text-box-1654401403 .text {\n  font-size: 100%;\n}\n<\/style>\n    <\/div><!-- text-box -->\n \n        <\/div><!-- .banner-layers -->\n      <\/div><!-- .banner-inner -->\n\n            \n<style scope=\"scope\">\n\n#banner-1072470858 {\n  padding-top: 300px;\n}\n<\/style>\n  <\/div><!-- .banner -->\n\n\n\t<section class=\"section\" id=\"section_2063005509\">\n\t\t<div class=\"bg section-bg fill bg-fill  bg-loaded\" >\n\n\t\t\t\n\t\t\t\n\t\t\t\n\t<div class=\"is-border\"\n\t\tstyle=\"border-color:rgb(235, 235, 235);border-width:1px 0px 0px 0px;\">\n\t<\/div>\n\n\t\t<\/div><!-- .section-bg -->\n\n\t\t<div class=\"section-content relative\">\n\t\t\t\n<div class=\"row row-large align-middle align-center\"  id=\"row-797646281\">\n<div class=\"col medium-6 small-12 large-6\"  ><div class=\"col-inner text-left\"  >\n<p style=\"text-align: justify;\"><strong>VASCA CARRELLATA PER SMALTI CERAMICI<\/strong><\/p>\n<p style=\"text-align: justify;\">Adatta per smaltature per immersione di piatti, vasi ecc. Lo smalto contenuto nella vasca \u00e8 riciclato in continuit\u00e0 da una pompa e, passando attraverso il setaccio viene filtrato da eventuali impurit\u00e0.<\/p>\n<p style=\"text-align: justify;\">Un agitatore fissato a una parete provvede a tenere continuamente in sospensione lo smalto.<\/p>\n<a rel=\"noopener noreferrer\" href=\"\/tecnico\/vasca-carrellata-pompa.pdf\" target=\"_blank\" class=\"button primary\"  style=\"border-radius:10px;\">\n    <span>Tecnico vasca carrellata<\/span>\n  <\/a>\n\n<\/div><\/div>\n<div class=\"col medium-6 small-12 large-6\"  ><div class=\"col-inner box-shadow-2 box-shadow-5-hover\" style=\"background-color:rgb(255, 255, 255);padding:15px 15px 15px 15px;\" >\n\t<div class=\"img has-hover x md-x lg-x y md-y lg-y\" id=\"image_649748728\">\n\t\t\t\t\t\t\t\t<div class=\"img-inner dark\" >\n\t\t\t<img width=\"700\" height=\"543\" src=\"https:\/\/www.setec-srl.com\/wp-content\/uploads\/2018\/11\/vasca-carrellata.jpg\" class=\"attachment-large size-large\" alt=\"\" loading=\"lazy\" srcset=\"https:\/\/www.setec-srl.com\/wp-content\/uploads\/2018\/11\/vasca-carrellata.jpg 700w, https:\/\/www.setec-srl.com\/wp-content\/uploads\/2018\/11\/vasca-carrellata-300x233.jpg 300w\" sizes=\"(max-width: 700px) 100vw, 700px\" \/>\t\t\t\t\t\t\n\t\t\t\t\t<\/div>\n\t\t\t\t\t\t\t\t\n<style scope=\"scope\">\n\n#image_649748728 {\n  width: 100%;\n}\n<\/style>\n\t<\/div>\n\t\n<\/div><\/div>\n\n<style scope=\"scope\">\n\n<\/style>\n<\/div>\n\t\t<\/div><!-- .section-content -->\n\n\t\t\n<style scope=\"scope\">\n\n#section_2063005509 {\n  padding-top: 59px;\n  padding-bottom: 59px;\n  min-height: 300px;\n}\n<\/style>\n\t<\/section>\n\t\n","protected":false},"excerpt":{"rendered":"","protected":false},"author":3,"featured_media":0,"parent":0,"menu_order":0,"comment_status":"closed","ping_status":"closed","template":"page-blank.php","meta":[],"_links":{"self":[{"href":"https:\/\/www.setec-srl.com\/en\/wp-json\/wp\/v2\/pages\/1452"}],"collection":[{"href":"https:\/\/www.setec-srl.com\/en\/wp-json\/wp\/v2\/pages"}],"about":[{"href":"https:\/\/www.setec-srl.com\/en\/wp-json\/wp\/v2\/types\/page"}],"author":[{"embeddable":true,"href":"https:\/\/www.setec-srl.com\/en\/wp-json\/wp\/v2\/users\/3"}],"replies":[{"embeddable":true,"href":"https:\/\/www.setec-srl.com\/en\/wp-json\/wp\/v2\/comments?post=1452"}],"version-history":[{"count":4,"href":"https:\/\/www.setec-srl.com\/en\/wp-json\/wp\/v2\/pages\/1452\/revisions"}],"predecessor-version":[{"id":2506,"href":"https:\/\/www.setec-srl.com\/en\/wp-json\/wp\/v2\/pages\/1452\/revisions\/2506"}],"wp:attachment":[{"href":"https:\/\/www.setec-srl.com\/en\/wp-json\/wp\/v2\/media?parent=1452"}],"curies":[{"name":"wp","href":"https:\/\/api.w.org\/{rel}","templated":true}]}}